{"id":3870,"date":"2024-06-27T10:57:35","date_gmt":"2024-06-27T10:57:35","guid":{"rendered":"https:\/\/www.aridane.org\/city\/?page_id=3870"},"modified":"2024-07-16T10:11:35","modified_gmt":"2024-07-16T10:11:35","slug":"encuesta-de-carnavales","status":"publish","type":"page","link":"https:\/\/www.aridane.org\/city\/encuesta-de-carnavales\/","title":{"rendered":"Encuesta de Carnavales"},"content":{"rendered":"<section class=\"wpb-content-wrapper\"><p>[vc_row css_animation=\u00bb\u00bb row_type=\u00bbrow\u00bb use_row_as_full_screen_section=\u00bbno\u00bb type=\u00bbfull_width\u00bb angled_section=\u00bbno\u00bb text_align=\u00bbleft\u00bb background_image_as_pattern=\u00bbwithout_pattern\u00bb z_index=\u00bb\u00bb][vc_column][vc_row_inner row_type=\u00bbrow\u00bb type=\u00bbgrid\u00bb text_align=\u00bbleft\u00bb css_animation=\u00bb\u00bb][vc_column_inner][vc_empty_space height=\u00bb100px\u00bb][vc_single_image image=\u00bb3878&#8243; img_size=\u00bbfull\u00bb alignment=\u00bbcenter\u00bb onclick=\u00bbcustom_link\u00bb img_link_target=\u00bb_blank\u00bb qode_css_animation=\u00bb\u00bb link=\u00bbhttp:\/\/www.ecoturmac.com\/tour_virtual_360\/Los_Llanos_de_Aridane\/tour.html\u00bb][vc_empty_space height=\u00bb15px\u00bb][vc_column_text]<\/p>\n<p style=\"text-align: center;\">TEMAS DE CARNAVAL<\/p>\n<p>[\/vc_column_text][vc_empty_space height=\u00bb100px\u00bb][\/vc_column_inner][\/vc_row_inner][vc_column_text css=\u00bb.vc_custom_1721124690098{background-position: center !important;background-repeat: no-repeat !important;background-size: contain !important;}\u00bb]<\/p>\n<h4 style=\"text-align: center;\"><strong>Ya se ha finalizado la encuesta sobre \u00abEl Tema de El Carnaval 2025\u00bb.<\/strong><\/h4>\n<h3 style=\"text-align: center;\"><strong>Terminada la votaci\u00f3n, el disfraz GANADOR ha sido:<\/strong><\/h3>\n<h1 style=\"text-align: center;\"><strong>\u00abATLANTIDA\u00bb<\/strong><\/h1>\n<p>[\/vc_column_text][\/vc_column][\/vc_row][vc_row css_animation=\u00bb\u00bb row_type=\u00bbrow\u00bb use_row_as_full_screen_section=\u00bbno\u00bb type=\u00bbgrid\u00bb angled_section=\u00bbno\u00bb text_align=\u00bbleft\u00bb background_image_as_pattern=\u00bbwithout_pattern\u00bb z_index=\u00bb\u00bb][vc_column][vc_row_inner row_type=\u00bbrow\u00bb type=\u00bbgrid\u00bb text_align=\u00bbleft\u00bb css_animation=\u00bb\u00bb][vc_column_inner][vc_empty_space height=\u00bb40px\u00bb][vc_column_text]<\/p>\n<h4 style=\"text-align: justify;\">Los Llanos de Aridane cierra la encuesta sobre los posibles temas de vestuario de Carnaval 2025.<\/h4>\n<p>[\/vc_column_text][vc_empty_space height=\u00bb30px\u00bb][vc_column_text]<\/p>\n<p style=\"text-align: justify;\">El Ayuntamiento de Los Llanos de Aridane agradece la participaci\u00f3n que ha concluido con hoy.<\/p>\n<p>&nbsp;<\/p>\n<div class='bootstrap-yop yop-poll-mc'>\n\t\t\t\t\t\t\t<div class=\"basic-yop-poll-container\" style=\"background-color:#ffffff; border:1px; border-style:solid; border-color:#000000; border-radius:0px; padding:10px 10px;\" data-id=\"1\" data-temp=\"basic\" data-skin=\"minimal\" data-cscheme=\"black\" data-cap=\"0\" data-access=\"guest,wordpress\" data-tid=\"\" data-uid=\"1af49dd4194abaf8d7f71fe3a11db6e0\" data-pid=\"3870\" data-resdet=\"votes-number,percentages\" data-show-results-to=\"guest,registered\" data-show-results-moment=\"after-vote\" data-show-results-only=\"true\" data-show-message=\"true\" data-show-results-as=\"bar\" data-sort-results-by=\"number-of-votes\" data-sort-results-rule=\"desc\"data-is-ended=\"1\" data-gdpr=\"no\" data-gdpr-sol=\"consent\" data-css=\".basic-yop-poll-container[data-uid] .basic-vote { text-align: center; color: #000080; }\" data-counter=\"0\" data-load-with=\"1\" data-notification-section=\"top\"><div class=\"row\"><div class=\"col-md-12\"><div class=\"basic-inner\"><div class=\"basic-message \" style=\"border-left: 10px solid #008000; padding: 0px 10px;\" data-error=\"#ff0000\" data-success=\"#008000\"><p class=\"basic-message-text\" style=\"color:#000000; font-size:14px; font-weight:normal;\">Esta encuesta ya no acepta votos.<\/p><\/div><div class=\"basic-overlay hide\"><div class=\"basic-vote-options\"><div class=\"basic-anonymous\"><button type=\"button\" class=\"btn btn-default\">Voto an\u00f3nimo<\/button><\/div><div class=\"basic-wordpress\"><button type=\"button\" class=\"btn btn-default basic-wordpress-button\">Votar con WordPress<\/button><\/div><\/div><div class=\"basic-preloader\"><div class=\"basic-windows8\"><div class=\"basic-wBall basic-wBall_1\"><div class=\"basic-wInnerBall\"><\/div><\/div><div class=\"basic-wBall basic-wBall_2\"><div class=\"basic-wInnerBall\"><\/div><\/div><div class=\"basic-wBall basic-wBall_3\"><div class=\"basic-wInnerBall\"><\/div><\/div><div class=\"basic-wBall basic-wBall_4\"><div class=\"basic-wInnerBall\"><\/div><\/div><div class=\"basic-wBall basic-wBall_5\"><div class=\"basic-wInnerBall\"><\/div><\/div><\/div><\/div><\/div><form class=\"basic-form\"><input type=\"hidden\" name=\"_token\" value=\"208f26ca53\" autocomplete=\"off\"><div class=\"basic-elements\"><div class=\"basic-element basic-question basic-question-text-vertical\" data-id=\"1\" data-uid=\"1e209a03f3c7f46f732d7b5adafe4dae\" data-type=\"question\" data-question-type=\"text\" data-allow-multiple=\"no\" data-min=\"1\" data-max=\"1\" data-display=\"vertical\" data-colnum=\"\" data-display-others=\"no\" data-others-color=\"\" data-others=\"\"><div class=\"basic-question-title\"><h5 style=\"color:#000000; font-size:16px; font-weight:normal; text-align:left;\">Disfrazarse con el motivo de ........<\/h5><\/div><ul class=\"basic-answers\"><li class=\"basic-answer\" style=\"padding:0px 0px;\" data-id=\"1\" data-type=\"text\" data-vn=\"10681\" data-color=\"#000000\" data-make-link=\"no\" data-link=\"\"><div class=\"basic-answer-content basic-text-vertical\"><label for=\"answer[1]\" class=\"basic-answer-label\"><input type=\"radio\" id=\"answer[1]\" name=\"answer[1]\" value=\"1\"  autocomplete=\"off\"><span class=\"basic-text\" style=\"color: #000000; font-size: 14px; font-weight: normal;\">&quot;ATLANTIDA&quot; que ofrece muchas opciones creativas. Aqu\u00ed tienes algunas ideas: 1. **Rey o Reina Atlante**: Usa una corona dorada, ropa de tonos azules y verdes con detalles dorados, y un cetro adornado con conchas y piedras preciosas. 2. **Diosa\/Dios del Mar**: Un traje inspirado en deidades como Poseid\u00f3n o Anfitrite, con tridentes, coronas de algas y ropajes ondulantes. 3. **Sirena\/Sireno**: Un disfraz con una cola brillante, concha en el pecho y accesorios marinos como collares de perlas y estrellas de mar. 4. **Guerrero Atlante**: Armadura hecha de materiales que parezcan coral o conchas, con detalles en tonos azules y verdes. 5. **Habitante Atlante**: Ropa inspirada en la antigua Grecia, con t\u00fanicas y adornos marinos, como pulseras de coral y tocados de algas. 6. **Criatura Marina**: Disfr\u00e1zate de animales como medusas, pulpos o peces ex\u00f3ticos, con trajes coloridos y tent\u00e1culos. 7. **Atlante Cient\u00edfico**: Un traje futurista con accesorios tecnol\u00f3gicos, sugeriendo una avanzada civilizaci\u00f3n subacu\u00e1tica. Estos disfraces permiten jugar con colores, texturas y accesorios marinos, evocando el misterio y la magia de la legendaria Atl\u00e1ntida.<\/span><\/label><\/div><\/li><li class=\"basic-answer\" style=\"padding:0px 0px;\" data-id=\"2\" data-type=\"text\" data-vn=\"3500\" data-color=\"#000000\" data-make-link=\"no\" data-link=\"\"><div class=\"basic-answer-content basic-text-vertical\"><label for=\"answer[2]\" class=\"basic-answer-label\"><input type=\"radio\" id=\"answer[2]\" name=\"answer[1]\" value=\"2\"  autocomplete=\"off\"><span class=\"basic-text\" style=\"color: #000000; font-size: 14px; font-weight: normal;\">o&quot; LEJANO OESTE&quot; ofrece muchas opciones ic\u00f3nicas y divertidas. Aqu\u00ed tienes algunas ideas: 1. **Vaquero\/Vaquera**: Sombrero de ala ancha, chaleco de cuero, botas con espuelas, pa\u00f1uelo al cuello y pistolas de juguete en una cartuchera. 2. **Sheriff**: Sombrero de sheriff, placa de estrella, camisa a cuadros, chaleco, botas y un cintur\u00f3n con pistolas. 3. **Bandido\/Bandida**: Pa\u00f1uelo cubriendo el rostro, sombrero, ropa desgastada, pistolas y una bolsa de &quot;bot\u00edn&quot;. 4. **Dama del Saloon**: Vestido con cors\u00e9, faldas largas y voluminosas, plumas en el cabello y guantes largos. 5. **Juglar o M\u00fasico del Saloon**: Ropa elegante de \u00e9poca, con chaleco, pajarita, y un instrumento musical como un banjo o guitarra. 6. **Ind\u00edgena Americano**: Ropa de imitaci\u00f3n de piel, plumas en el cabello, abalorios y pintura facial (respetando la autenticidad y evitando estereotipos). 7. **Explorador\/Pionero**: Sombrero de ala ancha, camisa de franela, pantalones robustos, botas y accesorios como una br\u00fajula o mapa. 8. **Cazador de Recompensas**: Mezcla de vaquero y sheriff, con un aire m\u00e1s rudo y accesorios como esposas y carteles de &quot;Se Busca&quot;. 9. **Granjero\/Granjera**: Sombrero de paja, overoles, camisa a cuadros y botas de trabajo. 10. **Jinete de Rodeo**: Camisa brillante, jeans, cintur\u00f3n grande con hebilla, botas de vaquero y guantes de montar. Estos disfraces permiten recrear la atm\u00f3sfera del Lejano Oeste, evocando su esp\u00edritu aventurero y diverso.<\/span><\/label><\/div><\/li><\/ul><\/div><div class=\"clearfix\"><\/div><\/div><div class=\"basic-stats text-center\"><span class=\"basic-stats-votes\"><span class=\"basic-stats-votes-number\">14181<\/span><span class=\"basic-stats-votes-text\">&nbsp;votes<\/span><\/span><span class=\"basic-stats-separator\">&nbsp;&middot;&nbsp;<\/span><span class=\"basic-stats-answers\"><span class=\"basic-stats-answers-number\">14181<\/span><span class=\"basic-stats-answers-text\">&nbsp;answers<\/span><\/span><\/div><div class=\"basic-vote\"><a href=\"#\" class=\"button basic-vote-button\" role=\"button\" style=\"background:#ee7600; border:0px; border-style: solid; border-color:#000000; border-radius:0px; padding:5px 10px; color:#ffffff; font-size:14px; font-weight:normal;\">Vote<\/a><a href=\"#\" class=\"button basic-results-button\" role=\"button\" style=\"background:#ee7600; border:0px; border-style: solid; border-color:#000000; border-radius:0px; padding:5px 10px; color:#ffffff; font-size:14px; font-weight:normal;\">Results<\/a><\/div><\/form><div class=\"yop-poll-modal\"><div class=\"yop-poll-modal-content\"><div class=\"yop-poll-modal-header\"><span class=\"yop-poll-modal-close\">&times;<\/span><\/div><div class=\"yop-poll-modal-body\"><div class=\"yop-poll-form-group\"><label class=\"yop-poll-user-or-email-label\">Username or Email Address<\/label><input type=\"text\" class=\"yop-poll-user-or-email-input\" autocomplete=\"off\"><\/div><div class=\"yop-poll-form-group\"><label class=\"yop-poll-password-label\">Password<\/label><input type=\"password\" class=\"yop-poll-password-input\" autocomplete=\"off\"><\/div><div class=\"yop-poll-form-group submit\"><button class=\"button button-primary button-large yop-poll-login-button\">Log In<\/button><\/div><div class=\"yop-poll-form-group yop-poll-section-login-options\"><p><a href=\"https:\/\/www.aridane.org\/city\/wp-login.php?action=register\" target=\"_blank\">No account? Register here<\/a><\/p><p><a href=\"https:\/\/www.aridane.org\/city\/wp-login.php?action=lostpassword\" target=\"_blank\">Forgot password<\/a><\/p><\/div><\/div><\/div><\/div><\/div><\/div><\/div><\/div>\n\t\t\t\t\t\t<\/div>[\/vc_column_text][vc_empty_space height=\u00bb100px\u00bb][\/vc_column_inner][\/vc_row_inner][\/vc_column][\/vc_row]<\/p>\n<\/section>","protected":false},"excerpt":{"rendered":"<p>[vc_row css_animation=\u00bb\u00bb row_type=\u00bbrow\u00bb use_row_as_full_screen_section=\u00bbno\u00bb type=\u00bbfull_width\u00bb angled_section=\u00bbno\u00bb text_align=\u00bbleft\u00bb background_image_as_pattern=\u00bbwithout_pattern\u00bb z_index=\u00bb\u00bb][vc_column][vc_row_inner row_type=\u00bbrow\u00bb type=\u00bbgrid\u00bb text_align=\u00bbleft\u00bb css_animation=\u00bb\u00bb][vc_column_inner][vc_empty_space height=\u00bb100px\u00bb][vc_single_image image=\u00bb3878&#8243; img_size=\u00bbfull\u00bb alignment=\u00bbcenter\u00bb onclick=\u00bbcustom_link\u00bb img_link_target=\u00bb_blank\u00bb qode_css_animation=\u00bb\u00bb link=\u00bbhttp:\/\/www.ecoturmac.com\/tour_virtual_360\/Los_Llanos_de_Aridane\/tour.html\u00bb][vc_empty_space height=\u00bb15px\u00bb][vc_column_text] TEMAS DE CARNAVAL [\/vc_column_text][vc_empty_space height=\u00bb100px\u00bb][\/vc_column_inner][\/vc_row_inner][vc_column_text css=\u00bb.vc_custom_1721124690098{background-position: center !important;background-repeat: no-repeat !important;background-size: contain !important;}\u00bb] Ya se ha finalizado la encuesta sobre \u00abEl Tema de El&#8230;<\/p>\n","protected":false},"author":3,"featured_media":0,"parent":0,"menu_order":0,"comment_status":"closed","ping_status":"closed","template":"full_width.php","meta":{"footnotes":""},"class_list":["post-3870","page","type-page","status-publish","hentry"],"yoast_head":"<!-- This site is optimized with the Yoast SEO plugin v22.7 - https:\/\/yoast.com\/wordpress\/plugins\/seo\/ -->\n<title>Encuesta de Carnavales - Ayuntamiento de Los Llanos de Aridane<\/title>\n<meta name=\"robots\" content=\"index, follow, max-snippet:-1, max-image-preview:large, max-video-preview:-1\" \/>\n<link rel=\"canonical\" href=\"https:\/\/www.aridane.org\/city\/encuesta-de-carnavales\/\" \/>\n<meta property=\"og:locale\" content=\"es_ES\" \/>\n<meta property=\"og:type\" content=\"article\" \/>\n<meta property=\"og:title\" content=\"Encuesta de Carnavales - Ayuntamiento de Los Llanos de Aridane\" \/>\n<meta property=\"og:description\" content=\"[vc_row css_animation=\u00bb\u00bb row_type=\u00bbrow\u00bb use_row_as_full_screen_section=\u00bbno\u00bb type=\u00bbfull_width\u00bb angled_section=\u00bbno\u00bb text_align=\u00bbleft\u00bb background_image_as_pattern=\u00bbwithout_pattern\u00bb z_index=\u00bb\u00bb][vc_column][vc_row_inner row_type=\u00bbrow\u00bb type=\u00bbgrid\u00bb text_align=\u00bbleft\u00bb css_animation=\u00bb\u00bb][vc_column_inner][vc_empty_space height=\u00bb100px\u00bb][vc_single_image image=\u00bb3878&#8243; img_size=\u00bbfull\u00bb alignment=\u00bbcenter\u00bb onclick=\u00bbcustom_link\u00bb img_link_target=\u00bb_blank\u00bb qode_css_animation=\u00bb\u00bb link=\u00bbhttp:\/\/www.ecoturmac.com\/tour_virtual_360\/Los_Llanos_de_Aridane\/tour.html\u00bb][vc_empty_space height=\u00bb15px\u00bb][vc_column_text] TEMAS DE CARNAVAL [\/vc_column_text][vc_empty_space height=\u00bb100px\u00bb][\/vc_column_inner][\/vc_row_inner][vc_column_text css=\u00bb.vc_custom_1721124690098{background-position: center !important;background-repeat: no-repeat !important;background-size: contain !important;}\u00bb] Ya se ha finalizado la encuesta sobre \u00abEl Tema de El...\" \/>\n<meta property=\"og:url\" content=\"https:\/\/www.aridane.org\/city\/encuesta-de-carnavales\/\" \/>\n<meta property=\"og:site_name\" content=\"Ayuntamiento de Los Llanos de Aridane\" \/>\n<meta property=\"article:modified_time\" content=\"2024-07-16T10:11:35+00:00\" \/>\n<meta name=\"twitter:card\" content=\"summary_large_image\" \/>\n<meta name=\"twitter:label1\" content=\"Tiempo de lectura\" \/>\n\t<meta name=\"twitter:data1\" content=\"1 minuto\" \/>\n<script type=\"application\/ld+json\" class=\"yoast-schema-graph\">{\"@context\":\"https:\/\/schema.org\",\"@graph\":[{\"@type\":\"WebPage\",\"@id\":\"https:\/\/www.aridane.org\/city\/encuesta-de-carnavales\/\",\"url\":\"https:\/\/www.aridane.org\/city\/encuesta-de-carnavales\/\",\"name\":\"Encuesta de Carnavales - Ayuntamiento de Los Llanos de Aridane\",\"isPartOf\":{\"@id\":\"https:\/\/www.aridane.org\/city\/#website\"},\"datePublished\":\"2024-06-27T10:57:35+00:00\",\"dateModified\":\"2024-07-16T10:11:35+00:00\",\"breadcrumb\":{\"@id\":\"https:\/\/www.aridane.org\/city\/encuesta-de-carnavales\/#breadcrumb\"},\"inLanguage\":\"es\",\"potentialAction\":[{\"@type\":\"ReadAction\",\"target\":[\"https:\/\/www.aridane.org\/city\/encuesta-de-carnavales\/\"]}]},{\"@type\":\"BreadcrumbList\",\"@id\":\"https:\/\/www.aridane.org\/city\/encuesta-de-carnavales\/#breadcrumb\",\"itemListElement\":[{\"@type\":\"ListItem\",\"position\":1,\"name\":\"Portada\",\"item\":\"https:\/\/www.aridane.org\/city\/\"},{\"@type\":\"ListItem\",\"position\":2,\"name\":\"Encuesta de Carnavales\"}]},{\"@type\":\"WebSite\",\"@id\":\"https:\/\/www.aridane.org\/city\/#website\",\"url\":\"https:\/\/www.aridane.org\/city\/\",\"name\":\"Ayuntamiento de Los Llanos de Aridane\",\"description\":\"\",\"potentialAction\":[{\"@type\":\"SearchAction\",\"target\":{\"@type\":\"EntryPoint\",\"urlTemplate\":\"https:\/\/www.aridane.org\/city\/?s={search_term_string}\"},\"query-input\":\"required name=search_term_string\"}],\"inLanguage\":\"es\"}]}<\/script>\n<!-- \/ Yoast SEO plugin. -->","yoast_head_json":{"title":"Encuesta de Carnavales - Ayuntamiento de Los Llanos de Aridane","robots":{"index":"index","follow":"follow","max-snippet":"max-snippet:-1","max-image-preview":"max-image-preview:large","max-video-preview":"max-video-preview:-1"},"canonical":"https:\/\/www.aridane.org\/city\/encuesta-de-carnavales\/","og_locale":"es_ES","og_type":"article","og_title":"Encuesta de Carnavales - Ayuntamiento de Los Llanos de Aridane","og_description":"[vc_row css_animation=\u00bb\u00bb row_type=\u00bbrow\u00bb use_row_as_full_screen_section=\u00bbno\u00bb type=\u00bbfull_width\u00bb angled_section=\u00bbno\u00bb text_align=\u00bbleft\u00bb background_image_as_pattern=\u00bbwithout_pattern\u00bb z_index=\u00bb\u00bb][vc_column][vc_row_inner row_type=\u00bbrow\u00bb type=\u00bbgrid\u00bb text_align=\u00bbleft\u00bb css_animation=\u00bb\u00bb][vc_column_inner][vc_empty_space height=\u00bb100px\u00bb][vc_single_image image=\u00bb3878&#8243; img_size=\u00bbfull\u00bb alignment=\u00bbcenter\u00bb onclick=\u00bbcustom_link\u00bb img_link_target=\u00bb_blank\u00bb qode_css_animation=\u00bb\u00bb link=\u00bbhttp:\/\/www.ecoturmac.com\/tour_virtual_360\/Los_Llanos_de_Aridane\/tour.html\u00bb][vc_empty_space height=\u00bb15px\u00bb][vc_column_text] TEMAS DE CARNAVAL [\/vc_column_text][vc_empty_space height=\u00bb100px\u00bb][\/vc_column_inner][\/vc_row_inner][vc_column_text css=\u00bb.vc_custom_1721124690098{background-position: center !important;background-repeat: no-repeat !important;background-size: contain !important;}\u00bb] Ya se ha finalizado la encuesta sobre \u00abEl Tema de El...","og_url":"https:\/\/www.aridane.org\/city\/encuesta-de-carnavales\/","og_site_name":"Ayuntamiento de Los Llanos de Aridane","article_modified_time":"2024-07-16T10:11:35+00:00","twitter_card":"summary_large_image","twitter_misc":{"Tiempo de lectura":"1 minuto"},"schema":{"@context":"https:\/\/schema.org","@graph":[{"@type":"WebPage","@id":"https:\/\/www.aridane.org\/city\/encuesta-de-carnavales\/","url":"https:\/\/www.aridane.org\/city\/encuesta-de-carnavales\/","name":"Encuesta de Carnavales - Ayuntamiento de Los Llanos de Aridane","isPartOf":{"@id":"https:\/\/www.aridane.org\/city\/#website"},"datePublished":"2024-06-27T10:57:35+00:00","dateModified":"2024-07-16T10:11:35+00:00","breadcrumb":{"@id":"https:\/\/www.aridane.org\/city\/encuesta-de-carnavales\/#breadcrumb"},"inLanguage":"es","potentialAction":[{"@type":"ReadAction","target":["https:\/\/www.aridane.org\/city\/encuesta-de-carnavales\/"]}]},{"@type":"BreadcrumbList","@id":"https:\/\/www.aridane.org\/city\/encuesta-de-carnavales\/#breadcrumb","itemListElement":[{"@type":"ListItem","position":1,"name":"Portada","item":"https:\/\/www.aridane.org\/city\/"},{"@type":"ListItem","position":2,"name":"Encuesta de Carnavales"}]},{"@type":"WebSite","@id":"https:\/\/www.aridane.org\/city\/#website","url":"https:\/\/www.aridane.org\/city\/","name":"Ayuntamiento de Los Llanos de Aridane","description":"","potentialAction":[{"@type":"SearchAction","target":{"@type":"EntryPoint","urlTemplate":"https:\/\/www.aridane.org\/city\/?s={search_term_string}"},"query-input":"required name=search_term_string"}],"inLanguage":"es"}]}},"_links":{"self":[{"href":"https:\/\/www.aridane.org\/city\/wp-json\/wp\/v2\/pages\/3870","targetHints":{"allow":["GET"]}}],"collection":[{"href":"https:\/\/www.aridane.org\/city\/wp-json\/wp\/v2\/pages"}],"about":[{"href":"https:\/\/www.aridane.org\/city\/wp-json\/wp\/v2\/types\/page"}],"author":[{"embeddable":true,"href":"https:\/\/www.aridane.org\/city\/wp-json\/wp\/v2\/users\/3"}],"replies":[{"embeddable":true,"href":"https:\/\/www.aridane.org\/city\/wp-json\/wp\/v2\/comments?post=3870"}],"version-history":[{"count":12,"href":"https:\/\/www.aridane.org\/city\/wp-json\/wp\/v2\/pages\/3870\/revisions"}],"predecessor-version":[{"id":4933,"href":"https:\/\/www.aridane.org\/city\/wp-json\/wp\/v2\/pages\/3870\/revisions\/4933"}],"wp:attachment":[{"href":"https:\/\/www.aridane.org\/city\/wp-json\/wp\/v2\/media?parent=3870"}],"curies":[{"name":"wp","href":"https:\/\/api.w.org\/{rel}","templated":true}]}}